{"id":1087,"date":"2021-05-02T17:55:50","date_gmt":"2021-05-02T16:55:50","guid":{"rendered":"https:\/\/blog.solution.it\/?page_id=1087"},"modified":"2022-10-18T10:48:26","modified_gmt":"2022-10-18T09:48:26","slug":"consulenza-per-ladeguamento-alla-normativa-sulla-privacy","status":"publish","type":"page","link":"https:\/\/blog.solution.it\/?page_id=1087","title":{"rendered":"Consulenza per l&#8217;adeguamento alla normativa sulla privacy"},"content":{"rendered":"\n<p><strong>La sicurezza non \u00e8 un optional<\/strong><\/p>\n\n\n\n<p>Il 25 maggio 2018 sono scaduti i termini per adeguarsi al  GDPR, il regolamento Europeo per la protezione dei dati personali.<br>Il Testo Unico &#8220;Codice in materia di protezione dei Dati Personali&#8221; (d.lgs. 196\/2003) non \u00e8 stato sostituto  dalla norma europea  ma \u00e8 stato aggiornato per  renderlo compatibile con essa. La normativa europea sancisce con ancora pi\u00f9 forza il cosiddetto diritto alla <strong>privacy<\/strong> ed  \u00e8 necessario prendere coscienza dell&#8217;impegno necessario per rispettare l&#8217;obbligo di  adeguamento.<br>Oltre alle normative vigenti, sono da prendere in considerazioni  i  provvedimenti emanati dal Garante Privacy Italiano e le linee guida pubblicate dai Garanti Europei che approfondiscono e definiscono aspetti specifici e trattamenti particolari (dalla videosorveglianza, al marketing, ecc.) rendendo l&#8217;adeguamento richiesto non di semplice applicazione.<br>Semplificando molto, tutti coloro (ditta individuale, piccola, media, grande impresa, scuola ed universit\u00e0, studio medico, associazione, pubblica amministrazione&#8230;) che trattano dati personali (dati relativi a persone fisiche) sia mediante strumenti elettronici che con metodi manuali, debbono adottare <strong><a href=\"https:\/\/blog.solution.it\/?page_id=1094\" data-type=\"URL\" data-id=\"https:\/\/blog.solution.it\/?page_id=1094\">misure di sicurezza<\/a><\/strong> adeguate e provvedere a diversi adempimenti formali.<br>Chi, ad un eventuale controllo, risultasse sprovvisto dei requisiti richiesti sarebbe passibile di sanzioni penali e civili.<\/p>\n\n\n\n<p><strong>Cosa si deve fare<\/strong><\/p>\n\n\n\n<p>Inventariare i dati personali, i trattamenti effettuati e gli strumenti utilizzati; individuare e nominare le figure che li gestiscono (Incaricati, responsabili, Amministratori di Sistema); adottare le <strong>misure di sicurezza adeguate<\/strong> (fisiche, logiche, organizzative) necessarie per la salvaguardia e la protezione dei dati personali sulla base di analisi di rischio effettuate prima dell&#8217;inizio del trattamento;  redigere il Data Protection Impact Assessment ed i registri dei trattamenti;  predisporre le necessarie informative ed acquisire gli eventuali consensi dagli interessati; provvedere alla formazione degli Incaricati del trattamento;  programmare audit periodici per la verifica dell&#8217;effettivo grado adeguamento dei trattamenti effettuati; &#8230;.<\/p>\n\n\n\n<p>Tutte incombenze che restano in capo al Titolare,  che dovr\u00e0 documentare l&#8217;effettivo adeguamento a quanto richiesto dalla normativa.<\/p>\n\n\n\n<p><strong>Cosa possiamo fare per Voi<\/strong><\/p>\n\n\n\n<p>L&#8217;obbligo di adeguamento alla normativa sulla <strong>privacy<\/strong> \u00e8 una occasione per fare un check-up al fine di conoscere meglio i processi aziendali, le informazioni gestite ed i flussi informativi.<br>E&#8217; il momento giusto per verificare ed eventualmente attivare le misure di sicurezza necessarie al fine di proteggere il bene pi\u00f9 prezioso di una Azienda: il proprio patrimonio di Informazioni.<br>Ogni Azienda od Organizzazione ha una sua realt\u00e0 specifica.<br>Per questo \u00e8 necessario effettuare una precisa analisi della realt\u00e0 aziendale che tenga conto di tutti i fattori che concorrono alla formazione del rischio.<br><\/p>\n\n\n\n<p>Lo <strong>Studio Giardini<\/strong>, da anni attivo nel campo della <a href=\"https:\/\/blog.solution.it\/?page_id=1094\" data-type=\"URL\" data-id=\"https:\/\/blog.solution.it\/?page_id=1094\">Sicurezza Informatica<\/a>, pu\u00f2 aiutarvi nell&#8217;espletamento degli obblighi di legge relativi alla normativa sulla <strong>privacy<\/strong> ma soprattutto pu\u00f2 aiutarvi a rendere pi\u00f9 sicuri il vostro lavoro ed i vostri dati. Contattateci, la Sicurezza non \u00e8 pi\u00f9 un optional.<\/p>\n","protected":false},"excerpt":{"rendered":"<p>La sicurezza non \u00e8 un optional Il 25 maggio 2018 sono scaduti i termini per adeguarsi al GDPR, il regolamento Europeo per la protezione dei dati personali.Il Testo Unico &#8220;Codice in materia di protezione dei Dati Personali&#8221; (d.lgs. 196\/2003) non \u00e8 stato sostituto dalla norma europea ma \u00e8 stato aggiornato&hellip; <\/p>\n","protected":false},"author":3,"featured_media":0,"parent":1054,"menu_order":3,"comment_status":"closed","ping_status":"closed","template":"","meta":{"footnotes":""},"_links":{"self":[{"href":"https:\/\/blog.solution.it\/index.php?rest_route=\/wp\/v2\/pages\/1087"}],"collection":[{"href":"https:\/\/blog.solution.it\/index.php?rest_route=\/wp\/v2\/pages"}],"about":[{"href":"https:\/\/blog.solution.it\/index.php?rest_route=\/wp\/v2\/types\/page"}],"author":[{"embeddable":true,"href":"https:\/\/blog.solution.it\/index.php?rest_route=\/wp\/v2\/users\/3"}],"replies":[{"embeddable":true,"href":"https:\/\/blog.solution.it\/index.php?rest_route=%2Fwp%2Fv2%2Fcomments&post=1087"}],"version-history":[{"count":6,"href":"https:\/\/blog.solution.it\/index.php?rest_route=\/wp\/v2\/pages\/1087\/revisions"}],"predecessor-version":[{"id":1153,"href":"https:\/\/blog.solution.it\/index.php?rest_route=\/wp\/v2\/pages\/1087\/revisions\/1153"}],"up":[{"embeddable":true,"href":"https:\/\/blog.solution.it\/index.php?rest_route=\/wp\/v2\/pages\/1054"}],"wp:attachment":[{"href":"https:\/\/blog.solution.it\/index.php?rest_route=%2Fwp%2Fv2%2Fmedia&parent=1087"}],"curies":[{"name":"wp","href":"https:\/\/api.w.org\/{rel}","templated":true}]}}