{"id":1089,"date":"2021-05-02T17:57:35","date_gmt":"2021-05-02T16:57:35","guid":{"rendered":"https:\/\/blog.solution.it\/?page_id=1089"},"modified":"2021-05-02T23:18:35","modified_gmt":"2021-05-02T22:18:35","slug":"il-software-open-source-in-azienza-a-scuola-nella-pubblica-amministrazione","status":"publish","type":"page","link":"https:\/\/blog.solution.it\/?page_id=1089","title":{"rendered":"Il software Open Source in azienza, a scuola, nella pubblica amministrazione"},"content":{"rendered":"\n<p>L&#8217;utilizzo di software <strong>open source<\/strong>, in italiano <strong>software libero<\/strong>, \u00e8 sempre pi\u00f9 diffuso non solo presso gli appassionati ma anche nel mondo del lavoro e della scuola grazie alla maturit\u00e0 ed alla affidabilit\u00e0 dimostrata da progetti come Apache, il programma per la gestione dei server Web pi\u00f9 diffuso in Internet, da programmi per il desktop come LibreOffice, Firefox e da tanti altri programmi per ogni uso: dalla scuola, all&#8217;azienda, al tempo libero<\/p>\n\n\n\n<p>Il deciso ingresso in campo di aziende del calibro di Oracle, Sun, Google, Microsoft, ed altre ancora, indica con chiarezza la validit\u00e0 delle soluzioni <strong>open source<\/strong> disponibili.<br>Il software Open Source \u00e8 una opportunit\u00e0 per Aziende, Scuole, Universit\u00e0 e Pubblica Amministrazione sotto molteplici punti di vista.<\/p>\n\n\n\n<p>Il pi\u00f9 interessante \u00e8 evidentemente quello del risparmio, dato che nella maggior parte dei casi, la licenza del software <strong>open source<\/strong> \u00e8 gratuita.<\/p>\n\n\n\n<p>I vantaggi pratici non si fermano al solo risparmio economico.<br>Sicurezza, integrazione con qualunque sistema informatico, indipendenza dal fornitore, rilascio rapido degli aggiornamenti sono solo alcuni dei vantaggi possibili.<\/p>\n\n\n\n<p><strong>Studio Giardini<\/strong> pu\u00f2 guidarvi verso il miglioramento dell&#8217;efficienza dei sistemi informativi ed il risparmio economico dato dall&#8217;utilizzo di software <strong>open source<\/strong> con una migrazione graduale a partire dalla infrastruttura fino al desktop grazie alla metodologia messa a punto in anni di esperienza.<\/p>\n","protected":false},"excerpt":{"rendered":"<p>L&#8217;utilizzo di software open source, in italiano software libero, \u00e8 sempre pi\u00f9 diffuso non solo presso gli appassionati ma anche nel mondo del lavoro e della scuola grazie alla maturit\u00e0 ed alla affidabilit\u00e0 dimostrata da progetti come Apache, il programma per la gestione dei server Web pi\u00f9 diffuso in Internet,&hellip; <\/p>\n","protected":false},"author":3,"featured_media":0,"parent":1054,"menu_order":4,"comment_status":"closed","ping_status":"closed","template":"","meta":{"footnotes":""},"_links":{"self":[{"href":"https:\/\/blog.solution.it\/index.php?rest_route=\/wp\/v2\/pages\/1089"}],"collection":[{"href":"https:\/\/blog.solution.it\/index.php?rest_route=\/wp\/v2\/pages"}],"about":[{"href":"https:\/\/blog.solution.it\/index.php?rest_route=\/wp\/v2\/types\/page"}],"author":[{"embeddable":true,"href":"https:\/\/blog.solution.it\/index.php?rest_route=\/wp\/v2\/users\/3"}],"replies":[{"embeddable":true,"href":"https:\/\/blog.solution.it\/index.php?rest_route=%2Fwp%2Fv2%2Fcomments&post=1089"}],"version-history":[{"count":2,"href":"https:\/\/blog.solution.it\/index.php?rest_route=\/wp\/v2\/pages\/1089\/revisions"}],"predecessor-version":[{"id":1122,"href":"https:\/\/blog.solution.it\/index.php?rest_route=\/wp\/v2\/pages\/1089\/revisions\/1122"}],"up":[{"embeddable":true,"href":"https:\/\/blog.solution.it\/index.php?rest_route=\/wp\/v2\/pages\/1054"}],"wp:attachment":[{"href":"https:\/\/blog.solution.it\/index.php?rest_route=%2Fwp%2Fv2%2Fmedia&parent=1089"}],"curies":[{"name":"wp","href":"https:\/\/api.w.org\/{rel}","templated":true}]}}