{"id":421,"date":"2009-07-02T11:58:34","date_gmt":"2009-07-02T10:58:34","guid":{"rendered":"http:\/\/blog.solution.it\/?page_id=421"},"modified":"2023-05-02T22:04:14","modified_gmt":"2023-05-02T21:04:14","slug":"chi-sono","status":"publish","type":"page","link":"https:\/\/blog.solution.it\/?page_id=421","title":{"rendered":"Chi sono"},"content":{"rendered":"<p>Il mio nome \u00e8 Paolo &#8216;<em>Aspy&#8217;<\/em> Giardini, classe 1961.<\/p>\n<p>Seguo l&#8217;informatica fin dalla comparsa sul mercato dei primi micro e personal computer nei primi anni &#8217;80.\u00a0<\/p>\n<p>Titolare dello Studio di Consulenza Giardini mi occupo di\u00a0 consulenza nel campo delle reti, della sicurezza informatica, della protezione dei dati personali e della progettazione di sistemi informatici.<\/p>\n<p>Nel mio curriculum annovero esperienze come analista programmatore, system manager, database administrator. Ho ricoperto per vari anni il ruolo di EDP Manager presso una delle maggiori industrie di produzione dell&#8217;Umbria.<\/p>\n<p>Nel 2007 sono stato designato Privacy Officer per l&#8217;Associazione Informatici Professionisti, ruolo che ho ricoperto fino alla nomina a Direttore dell&#8217;Osservatorio Nazionale Privacy Sicurezza Informatica, il gruppo di lavoro tematico dell&#8217;Associazione, in rappresentanza della quale\u00a0 ho partecipato al primo gruppo di lavoro per la stesura del Codice di autoregolamentazione per gli Internet Service Provider promosso dall&#8217;Autorit\u00e0 Garante per la Protezione dei dati personali.<br \/><br \/><\/p>\n<p>Come docente, ho tenuto corsi in Italia ed all&#8217;estero su sicurezza informatica, privacy, investigazioni digitali, OSINT (Open Source Intelligence), consapevolezza e sicurezza online, cyberbullismo presso universit\u00e0, pubbliche amministrazioni, forze di polizia, scuole.<\/p>\n<p>Ho insegnato in master per la formazione del Responsabile Protezione Dati.<\/p>\n<p>Sono consulente per la Comunit\u00e0 Europea per il progetto ENCYSEC (Enhancyng Cyber Security), membro del Roaster of Expert di ITU, International Telecommunication Union dell&#8217;ONU e del FORMEZ, il centro studi e formazione della PA.<\/p>\n<p>Sono stato docente dei corsi di Computer Forensics e di Comunicazioni Digitali presso l&#8217;Universit\u00e0 di Perugia e del Master in Intelligence Economica presso l&#8217;Universit\u00e0 di Tor Vergata oltre ad aver tenuto lezioni su sicurezza informatica e digital forensics presso varie universit\u00e0.<\/p>\n<p>Svolgo attivit\u00e0 come Lead Auditor in materia di protezione dei dati personali (General Data Protection Regulation &#8211; GDPR, regolamento UE 679\/2016,\u00a0 Codice in materia di protezione dei dati personali d.lgs 196\/2003 e del suo adeguamento al Regolamento Europeo, il d.lgs 101\/2018).<\/p>\n<p>Ricopro l&#8217;incarico di Responsabile Protezione Dati \/ Data Protection Officer (RPD o DPO) presso varie realt\u00e0 aziendali.<\/p>\n<p>Intervengo in qualit\u00e0 di Consulente per la sicurezza delle informazioni in caso di incidenti di sicurezza presso aziende, enti, PMI e multinazionali ed opero come Consulente tecnico in Digital Forensics per Procure, avvocati e privati.<\/p>\n<p>Sono stato membro del Centro di Competenza Open Source della Regione Umbria e Socio Fondatore dello GNU\/Linux User Group di Perugia.<\/p>\n<p>Pubblico articoli come Visionist per Techeconony.it ed ho collaborato alla stesura di alcuni libri.<\/p>\n<p>Sono l\u2019ideatore ed organizzatore dell&#8217;hacker game <a href=\"https:\/\/www.craccaaltesoro.it\">&#8220;Cracca al Tesoro&#8221;<\/a> (CAT).<\/p>\n<p>Sono socio o collaboro (od ho collaborato)\u00a0 con\u00a0 varie associazioni e community, fra le quali:<\/p>\n<ul>\n<li>Cyber Security National Lab del CINI, Consorzio Interuniversitario Nazionale per l&#8217;Informatica, Universit\u00e0 di Perugia<\/li>\n<li>A.I.P., Associazione Informatici Professionisti &#8211; Italian Computer Society per la quale ho ricoperto l&#8217;incarico di Privacy Officer<\/li>\n<li>OPSI Osservatorio Nazionale sulla Privacy e Sicurezza delle Informazioni di AIP, del quale sono stato il Direttore<\/li>\n<li>CLUSIT, l&#8217;Associazione Italiana per la Sicurezza Informatica<\/li>\n<li>AIPSI, Associazione Italiana Professionisti Sicurezza Informatica, capitolo Italiano di ISSA (Information Systems Security Association)<\/li>\n<li>ILS (Italian Linux Society).<\/li>\n<li>LUG (Linux User Group) di Perugia, del quale sono stato fra i soci fondatori e\u00a0 Vice Presidente<\/li>\n<li>Sikurezza.org<\/li>\n<li>CCOS &#8211; Centro di Competenza per l&#8217;Open Source della Regione Umbria<\/li>\n<li>Zanshin Tech, associazione che insegna ai ragazzi e alle ragazze a difendersi dagli attacchi online e dal cyberbullismo<\/li>\n<li>Cyber Saijan, associazione con lo scopo di promuovere iniziative sociali volte a divulgare cyber security ed ethical hacking\u00a0<\/li>\n<li>Associazione Nazionale Protezione Dati<\/li>\n<li>Federprivacy<\/li>\n<li>Hackers Corner<\/li>\n<li>Giuristi Telematici<\/li>\n<li>Backtrack Italia, per la quale sono stato membro delle staff nazionale e responsabile del laboratorio<\/li>\n<\/ul>\n<p>Sono in possesso della certificazione EUCIP, ed ho completato con successo il percorso di studi CISCO CCNA, pur non avendo mai sostenuto l&#8217;esame di certificazione per problemi di tempo&#8230; :-).<\/p>\n<p>Ho conseguito l&#8217;abilitazione come Lead Auditor ISO\/IEC 27001:2017, ISO\/IEC 27001:2022 e ISO\/IEC 27701:2019<\/p>\n<p>Con alcuni amici e colleghi ho dato vita ad una esperienza di &#8220;lavoro collaborativo&#8221;,\u00a0 il network Accordance. Vi invito a dare <a href=\"http:\/\/www.accordance.it\">un&#8217;occhiata al sito<\/a> \ud83d\ude42<\/p>\n<p>Infine mi piace e mi diverte affiancare all&#8217;attivit\u00e0\u00a0 di consulenza quella di <em>&#8220;divulgatore&#8221;<\/em> sui temi trattati su queste pagine, partecipando a seminari e workshop in qualit\u00e0 di speaker e docente.<\/p>\n<p>Se volete contattarmi, scrivetemi a paolo [punto] giardini [chiocciola] solution [punto] it<\/p>\n\n\n<p><\/p>\n","protected":false},"excerpt":{"rendered":"<p>Il mio nome \u00e8 Paolo &#8216;Aspy&#8217; Giardini, classe 1961. Seguo l&#8217;informatica fin dalla comparsa sul mercato dei primi micro e personal computer nei primi anni &#8217;80.\u00a0 Titolare dello Studio di Consulenza Giardini mi occupo di\u00a0 consulenza nel campo delle reti, della sicurezza informatica, della protezione dei dati personali e della&hellip; <\/p>\n","protected":false},"author":3,"featured_media":0,"parent":0,"menu_order":1,"comment_status":"closed","ping_status":"closed","template":"","meta":{"footnotes":""},"_links":{"self":[{"href":"https:\/\/blog.solution.it\/index.php?rest_route=\/wp\/v2\/pages\/421"}],"collection":[{"href":"https:\/\/blog.solution.it\/index.php?rest_route=\/wp\/v2\/pages"}],"about":[{"href":"https:\/\/blog.solution.it\/index.php?rest_route=\/wp\/v2\/types\/page"}],"author":[{"embeddable":true,"href":"https:\/\/blog.solution.it\/index.php?rest_route=\/wp\/v2\/users\/3"}],"replies":[{"embeddable":true,"href":"https:\/\/blog.solution.it\/index.php?rest_route=%2Fwp%2Fv2%2Fcomments&post=421"}],"version-history":[{"count":20,"href":"https:\/\/blog.solution.it\/index.php?rest_route=\/wp\/v2\/pages\/421\/revisions"}],"predecessor-version":[{"id":1164,"href":"https:\/\/blog.solution.it\/index.php?rest_route=\/wp\/v2\/pages\/421\/revisions\/1164"}],"wp:attachment":[{"href":"https:\/\/blog.solution.it\/index.php?rest_route=%2Fwp%2Fv2%2Fmedia&parent=421"}],"curies":[{"name":"wp","href":"https:\/\/api.w.org\/{rel}","templated":true}]}}